{"id":924,"date":"2013-10-31T08:39:10","date_gmt":"2013-10-31T08:39:10","guid":{"rendered":"http:\/\/www.breralocation.com\/?page_id=924"},"modified":"2019-05-20T07:55:45","modified_gmt":"2019-05-20T07:55:45","slug":"","status":"publish","type":"page","link":"https:\/\/breralocation.com\/it\/terms-privacy-copyright\/","title":{"rendered":"","raw":""},"content":{"rendered":"","protected":false,"raw":""},"excerpt":{"rendered":"","protected":false,"raw":""},"author":8,"featured_media":0,"parent":0,"menu_order":0,"comment_status":"open","ping_status":"open","template":"","meta":{"_acf_changed":false,"_en_post_content":"[header type=\"h2\" style=\"divider2\" text_align=\"left\"]Termini d\u2019uso del sito[\/header]\r\n\r\nBrera Location e Brera Design Disrtrict sono\u00a0 un progetto di Studiolabo s.r.l.. \u00c8 garantito un limitato e non esclusivo diritto a creare un link al nostro Sito purch\u00e9 tale link non ritragga Brera Location, Brera Design District, o alcuno dei nostri prodotti o servizi in maniera falsa, fuorviante, dispregiativa o diffamatoria. \u00c8 fatto divieto di utilizzare il nostro logo o altri segni grafici o marchi di fabbrica di nostra propriet\u00e0 per creare link al nostro Sito senza nostro espresso permesso scritto.\r\nTale permesso pu\u00f2 essere richiesto all\u2019indirizzo e-mail info@studiolabo.it al numero di tel. +39 02-36638150. La mancata risposta entro 5 giorni lavorativi dalla richiesta \u00e8 da intendersi come diniego della stessa. In caso di concessione del permesso ci si riserva il diritto di imporre condizioni all\u2019utilizzo del link.\r\nIn caso di violazione dei termini d\u2019uso del Sito, ci si riserva il diritto di adire immediatamente le vie legali senza ulteriore avviso, con aggravio di spese, anche legali, a Vostro esclusivo carico.\r\nIl nostro Sito pu\u00f2 contenere link ad altri siti. Ci riserviamo di pubblicare i link di terzi considerati affidabili, rimanendo esclusa ogni responsabilit\u00e0 per la qualit\u00e0, i contenuti o la natura dell\u2019affidabilit\u00e0 dei siti accessibili tramite il predetto link dal nostro Sito o da siti che rimandano a tale sito. L\u2019inclusione di link sul nostro Sito non implica affiliazione con, appoggio di, o adozione da parte nostra di tale sito o di qualsiasi informazione in esso contenuta. I nostri termini e condizioni d\u2019uso, incluso il diritto alla riservatezza e il trattamento dei dati, non sono applicabili al di fuori del nostro Sito. Non possiamo pertanto essere ritenuti responsabili per ogni perdita o danno che potreste subire come risultato di un reindirizzamento ad un altro sito.\r\n\r\n<strong>Quando si utilizza il nostro Sito, si acconsente a:<\/strong>\r\n\r\n1. non interrompere o interferire con la sicurezza del Sito o comunque a non abusare dello stesso o di ogni altro servizio, risorsa di sistema, account, server o rete connesso o accessibile attraverso il Sito o link presenti sullo stesso;\r\n2. non interrompere o interferire con l\u2019utilizzo del Sito o di ogni altro utilizzo dello stesso o link;\r\n3. non caricare, pubblicare o comunque trasmettere per mezzo, o sul nostro Sito virus o altri programmi dannosi o distruttivi;\r\n4. non trasmettere per mezzo, o con il nostro Sito pubblicit\u00e0, spam od ogni altro tipo di comunicazione di massa non richiesta e qualsivoglia soggetto che non vi abbia espressamente aderito;\r\n5. non violare il Sito o porzioni di esso il cui accesso sia riservato;\r\n6. non usare il Sito in maniera tale da violare le leggi vigenti.\r\nQualsiasi violazione dei presenti termini e condizioni potr\u00e0 essere fonte di responsabilit\u00e0 civile o penale. Ogni violazione potr\u00e0 essere oggetto di indagine, nonch\u00e9 di segnalazione alle Autorit\u00e0 competenti alle quali sar\u00f2 fornita la collaborazione nel perseguimento degli utenti coinvolti in tali violazioni.\r\n\r\n&nbsp;\r\n\r\n[header type=\"h2\" style=\"divider2\" text_align=\"left\"]Copyright e Marchi[\/header]\r\n\r\nMarchi, loghi e altri segni distintivi di vario genere presenti nel Sito appartengono ai rispettivi proprietari. I contenuti del sito (testi, grafica, immagini e animazioni) sono protetti dal diritto di autore.\r\nE\u2019 vietato l\u2019uso dei marchi, loghi e altri segni distintivi \u2013 inclusa la riproduzione su altri siti internet \u2013 da parte di terzi non autorizzati, fatto salvo quanto previsto nel presente articolo.\r\n\r\n&nbsp;\r\n\r\n[header type=\"h2\" style=\"divider2\" text_align=\"left\"]Web privacy policy Brera Location[\/header]\r\n\r\nLeggi l'informativa <a href=\"http:\/\/studiolabo.it\/privacy-policy\/\" target=\"_blank\" rel=\"noopener noreferrer\">qui<\/a>.\r\n\r\n&nbsp;\r\n\r\n[header type=\"h2\" style=\"divider2\" text_align=\"left\"]Iscrizione alla newsletter[\/header]\r\n\r\nAi sensi del D.Lgs. 30 giugno 2003 n. 196 sulla tutela della riservatezza dei dati personali, ti informiamo\r\nche i tuoi dati anagrafici qui raccolti saranno oggetto di trattamento informatico e cartaceo ai soli fini del\r\ntuo inserimento nella comunit\u00e0 di Brera Location. Il conferimento dei dati \u00e8 facoltativo, tuttavia, in caso di\r\nrifiuto, non potremo inserirti tra i nostri iscritti e farti partecipare alle attivit\u00e0 e ai servizi risevati agli\r\nutenti registrati, ad esempio la ricezione delle newsletter. Ti competono i diritti previsti dall\u2019art. 7 della legge sopra citata che potr\u00e0 esercitare scrivendo a:\r\nStudiolabo S.r.l. \/ Brera Location via Palermo 1 - 20121 Milano. Il titolare dei dati sar\u00e0 Studiolabo S.r.l. \/\r\nBrera Location via Palermo 1 20121 Milano. Le informazioni conferite con la compilazione della scheda\r\ndi registrazione sono fornite sotto la completa responsabilit\u00e0 del compilante. Con l\u2019accettazione delle\r\ncondizioni, si autorizza Brera Location all\u2019utilizzo di tali informazioni per i soli scopi della comunit\u00e0 e nelle\r\nsole modalit\u00e0 previste dalla legge. Ogni responsabilit\u00e0, civile e penale, per informazioni false, mendaci,\r\nnon in buona fede o comunque diverse dalla verit\u00e0 \u00e8 a totale carico di chi le fornisce e nessuna\r\nresponsabilit\u00e0 potr\u00e0 quindi essere attribuita a Studiolabo S.r.l. \/ Brera Location.\r\n\r\n&nbsp;\r\n\r\n[header type=\"h2\" style=\"divider2\" text_align=\"left\"][\/header]\r\n\r\n\u00c8 VIETATA LA RIPRODUZIONE PARZIALE E TOTALE DI CONTENUTI, IMMAGINI E CONTATTI PRESENTI NEL SITO INTERNET\r\nLe informazioni e i dati contenuti in www.breralocation.com sono stati compilati a discrezione dagli inserzionisti e sono soggetti a cambiamenti senza preavviso, quindi sono aggiornabili sul sito.\u00a0Studiolabo s.r.l. non \u00e8 responsabile per eventuali errori o omissioni contenuti in www.breralocation.com. Studiolabo s.r.l. non garantisce in nessun modo il contenuto o l'adeguatezza di tali informazioni e dati.","_en_post_name":"terms-privacy-copyright","_en_post_excerpt":"","_en_post_title":"Terms of use, Privacy, Copyright","_it_post_content":"","_it_post_name":"","_it_post_excerpt":"","_it_post_title":"","edit_language":"it","footnotes":""},"class_list":["post-924","page","type-page","status-publish","hentry"],"acf":[],"yoast_head":"<!-- This site is optimized with the Yoast SEO plugin v27.3 - https:\/\/yoast.com\/product\/yoast-seo-wordpress\/ -->\n<title>Terms of use, Privacy, Copyright - Brera Location<\/title>\n<meta name=\"robots\" content=\"index, follow, max-snippet:-1, max-image-preview:large, max-video-preview:-1\" \/>\n<link rel=\"canonical\" href=\"https:\/\/breralocation.com\/terms-privacy-copyright\/\" \/>\n<meta property=\"og:locale\" content=\"it_IT\" \/>\n<meta property=\"og:type\" content=\"article\" \/>\n<meta property=\"og:title\" content=\"Terms of use, Privacy, Copyright - Brera Location\" \/>\n<meta property=\"og:description\" content=\"Brera Location e Brera Design Disrtrict sono\u00a0 un progetto di Studiolabo s.r.l.. \u00c8 garantito un limitato e non esclusivo diritto a creare un link al nostro Sito purch\u00e9 tale link non ritragga Brera Location, Brera Design District, o alcuno dei nostri prodotti o servizi in maniera falsa, fuorviante, dispregiativa o diffamatoria. \u00c8 fatto divieto di [&hellip;]\" \/>\n<meta property=\"og:url\" content=\"https:\/\/breralocation.com\/terms-privacy-copyright\/\" \/>\n<meta property=\"og:site_name\" content=\"Brera Location\" \/>\n<meta property=\"article:modified_time\" content=\"2019-05-20T07:55:45+00:00\" \/>\n<meta name=\"twitter:label1\" content=\"Tempo di lettura stimato\" \/>\n\t<meta name=\"twitter:data1\" content=\"4 minutes\" \/>\n<script type=\"application\/ld+json\" class=\"yoast-schema-graph\">{\"@context\":\"https:\\\/\\\/schema.org\",\"@graph\":[{\"@type\":\"WebPage\",\"@id\":\"https:\\\/\\\/breralocation.com\\\/terms-privacy-copyright\\\/\",\"url\":\"https:\\\/\\\/breralocation.com\\\/terms-privacy-copyright\\\/\",\"name\":\"Terms of use, Privacy, Copyright - Brera Location\",\"isPartOf\":{\"@id\":\"https:\\\/\\\/breralocation.com\\\/#website\"},\"datePublished\":\"2013-10-31T08:39:10+00:00\",\"dateModified\":\"2019-05-20T07:55:45+00:00\",\"breadcrumb\":{\"@id\":\"https:\\\/\\\/breralocation.com\\\/terms-privacy-copyright\\\/#breadcrumb\"},\"inLanguage\":\"it-IT\",\"potentialAction\":[{\"@type\":\"ReadAction\",\"target\":[\"https:\\\/\\\/breralocation.com\\\/terms-privacy-copyright\\\/\"]}]},{\"@type\":\"BreadcrumbList\",\"@id\":\"https:\\\/\\\/breralocation.com\\\/terms-privacy-copyright\\\/#breadcrumb\",\"itemListElement\":[{\"@type\":\"ListItem\",\"position\":1,\"name\":\"Home\",\"item\":\"https:\\\/\\\/breralocation.com\\\/\"},{\"@type\":\"ListItem\",\"position\":2,\"name\":\"Terms of use, Privacy, Copyright\"}]},{\"@type\":\"WebSite\",\"@id\":\"https:\\\/\\\/breralocation.com\\\/#website\",\"url\":\"https:\\\/\\\/breralocation.com\\\/\",\"name\":\"Brera Location\",\"description\":\"Location per eventi in affitto a breve termine a Milano\",\"potentialAction\":[{\"@type\":\"SearchAction\",\"target\":{\"@type\":\"EntryPoint\",\"urlTemplate\":\"https:\\\/\\\/breralocation.com\\\/?s={search_term_string}\"},\"query-input\":{\"@type\":\"PropertyValueSpecification\",\"valueRequired\":true,\"valueName\":\"search_term_string\"}}],\"inLanguage\":\"it-IT\"}]}<\/script>\n<!-- \/ Yoast SEO plugin. -->","yoast_head_json":{"title":"Terms of use, Privacy, Copyright - Brera Location","robots":{"index":"index","follow":"follow","max-snippet":"max-snippet:-1","max-image-preview":"max-image-preview:large","max-video-preview":"max-video-preview:-1"},"canonical":"https:\/\/breralocation.com\/terms-privacy-copyright\/","og_locale":"it_IT","og_type":"article","og_title":"Terms of use, Privacy, Copyright - Brera Location","og_description":"Brera Location e Brera Design Disrtrict sono\u00a0 un progetto di Studiolabo s.r.l.. \u00c8 garantito un limitato e non esclusivo diritto a creare un link al nostro Sito purch\u00e9 tale link non ritragga Brera Location, Brera Design District, o alcuno dei nostri prodotti o servizi in maniera falsa, fuorviante, dispregiativa o diffamatoria. \u00c8 fatto divieto di [&hellip;]","og_url":"https:\/\/breralocation.com\/terms-privacy-copyright\/","og_site_name":"Brera Location","article_modified_time":"2019-05-20T07:55:45+00:00","twitter_misc":{"Tempo di lettura stimato":"4 minutes"},"schema":{"@context":"https:\/\/schema.org","@graph":[{"@type":"WebPage","@id":"https:\/\/breralocation.com\/terms-privacy-copyright\/","url":"https:\/\/breralocation.com\/terms-privacy-copyright\/","name":"Terms of use, Privacy, Copyright - Brera Location","isPartOf":{"@id":"https:\/\/breralocation.com\/#website"},"datePublished":"2013-10-31T08:39:10+00:00","dateModified":"2019-05-20T07:55:45+00:00","breadcrumb":{"@id":"https:\/\/breralocation.com\/terms-privacy-copyright\/#breadcrumb"},"inLanguage":"it-IT","potentialAction":[{"@type":"ReadAction","target":["https:\/\/breralocation.com\/terms-privacy-copyright\/"]}]},{"@type":"BreadcrumbList","@id":"https:\/\/breralocation.com\/terms-privacy-copyright\/#breadcrumb","itemListElement":[{"@type":"ListItem","position":1,"name":"Home","item":"https:\/\/breralocation.com\/"},{"@type":"ListItem","position":2,"name":"Terms of use, Privacy, Copyright"}]},{"@type":"WebSite","@id":"https:\/\/breralocation.com\/#website","url":"https:\/\/breralocation.com\/","name":"Brera Location","description":"Location per eventi in affitto a breve termine a Milano","potentialAction":[{"@type":"SearchAction","target":{"@type":"EntryPoint","urlTemplate":"https:\/\/breralocation.com\/?s={search_term_string}"},"query-input":{"@type":"PropertyValueSpecification","valueRequired":true,"valueName":"search_term_string"}}],"inLanguage":"it-IT"}]}},"_links":{"self":[{"href":"https:\/\/breralocation.com\/it\/wp-json\/wp\/v2\/pages\/924","targetHints":{"allow":["GET"]}}],"collection":[{"href":"https:\/\/breralocation.com\/it\/wp-json\/wp\/v2\/pages"}],"about":[{"href":"https:\/\/breralocation.com\/it\/wp-json\/wp\/v2\/types\/page"}],"author":[{"embeddable":true,"href":"https:\/\/breralocation.com\/it\/wp-json\/wp\/v2\/users\/8"}],"replies":[{"embeddable":true,"href":"https:\/\/breralocation.com\/it\/wp-json\/wp\/v2\/comments?post=924"}],"version-history":[{"count":8,"href":"https:\/\/breralocation.com\/it\/wp-json\/wp\/v2\/pages\/924\/revisions"}],"predecessor-version":[{"id":4309,"href":"https:\/\/breralocation.com\/it\/wp-json\/wp\/v2\/pages\/924\/revisions\/4309"}],"wp:attachment":[{"href":"https:\/\/breralocation.com\/it\/wp-json\/wp\/v2\/media?parent=924"}],"curies":[{"name":"wp","href":"https:\/\/api.w.org\/{rel}","templated":true}]}}